{"id":1058,"date":"2024-05-02T08:31:19","date_gmt":"2024-05-02T08:31:19","guid":{"rendered":"https:\/\/ecoblancneteges.com\/politica-de-privacitat\/"},"modified":"2024-10-17T09:47:50","modified_gmt":"2024-10-17T09:47:50","slug":"politica-de-privacitat","status":"publish","type":"page","link":"https:\/\/ecoblancneteges.com\/ca\/politica-de-privacitat\/","title":{"rendered":"Pol\u00edtica de privacitat"},"content":{"rendered":"<p>[et_pb_section fb_built=&#8221;1&#8243; _builder_version=&#8221;4.25.0&#8243; _module_preset=&#8221;default&#8221; use_background_color_gradient=&#8221;on&#8221; background_color_gradient_direction=&#8221;360deg&#8221; background_color_gradient_stops=&#8221;rgba(255,255,255,0) 0%|#ddece3 60%&#8221; background_enable_video_mp4=&#8221;off&#8221; background_enable_video_webm=&#8221;off&#8221; global_colors_info=&#8221;{}&#8221;][et_pb_row _builder_version=&#8221;4.25.0&#8243; _module_preset=&#8221;default&#8221; width=&#8221;45%&#8221; module_alignment=&#8221;center&#8221; custom_padding=&#8221;||0vh||false|false&#8221; global_colors_info=&#8221;{}&#8221;][et_pb_column type=&#8221;4_4&#8243; _builder_version=&#8221;4.25.0&#8243; _module_preset=&#8221;default&#8221; global_colors_info=&#8221;{}&#8221;][et_pb_text _builder_version=&#8221;4.25.0&#8243; _module_preset=&#8221;default&#8221; header_font=&#8221;|800|||||||&#8221; header_text_align=&#8221;center&#8221; header_text_color=&#8221;#015148&#8243; header_font_size=&#8221;4vw&#8221; custom_margin=&#8221;||1vh||false|false&#8221; global_colors_info=&#8221;{}&#8221;]<\/p>\n<h1>Pol\u00edtica de privacitat<\/h1>\n<p>[\/et_pb_text][\/et_pb_column][\/et_pb_row][\/et_pb_section][et_pb_section fb_built=&#8221;1&#8243; _builder_version=&#8221;4.25.0&#8243; _module_preset=&#8221;default&#8221; custom_padding=&#8221;0px||0px||true|false&#8221; locked=&#8221;off&#8221; global_colors_info=&#8221;{}&#8221;][et_pb_row _builder_version=&#8221;4.25.0&#8243; _module_preset=&#8221;default&#8221; width=&#8221;100%&#8221; max_width=&#8221;100%&#8221; custom_margin=&#8221;0px||0px||true|false&#8221; custom_padding=&#8221;0px||0px||true|false&#8221; global_colors_info=&#8221;{}&#8221;][et_pb_column type=&#8221;4_4&#8243; _builder_version=&#8221;4.25.0&#8243; _module_preset=&#8221;default&#8221; global_colors_info=&#8221;{}&#8221;][et_pb_image src=&#8221;https:\/\/ecoblancneteges.com\/wp-content\/uploads\/linea-dorada.jpg&#8221; title_text=&#8221;l\u00ednia-daurada&#8221; force_fullwidth=&#8221;on&#8221; _builder_version=&#8221;4.25.0&#8243; _module_preset=&#8221;default&#8221; global_colors_info=&#8221;{}&#8221;][\/et_pb_image][\/et_pb_column][\/et_pb_row][\/et_pb_section][et_pb_section fb_built=&#8221;1&#8243; _builder_version=&#8221;4.25.0&#8243; _module_preset=&#8221;default&#8221; global_colors_info=&#8221;{}&#8221;][et_pb_row _builder_version=&#8221;4.25.0&#8243; _module_preset=&#8221;default&#8221; global_colors_info=&#8221;{}&#8221;][et_pb_column type=&#8221;4_4&#8243; _builder_version=&#8221;4.25.0&#8243; _module_preset=&#8221;default&#8221; global_colors_info=&#8221;{}&#8221;][et_pb_text _builder_version=&#8221;4.26.0&#8243; _module_preset=&#8221;default&#8221; hover_enabled=&#8221;0&#8243; custom_css_main_element=&#8221;font-weight: 400;&#8221; global_colors_info=&#8221;{}&#8221; sticky_enabled=&#8221;0&#8243;]<\/p>\n<ol>\n<li><strong> DADES DEL RESPONSABLE DEL TRACTAMENT<\/strong><\/li>\n<\/ol>\n<p>Ra\u00f3 Social: ECOBLANC SERVEIS DE NETEJA SL (d&#8217;ara endavant el \u201cResponsable\u201d).<br \/>NIF: B67935205<br \/>Domicili: C\/ RUBEN DARIO<br \/>N\u00fam. 36 BIS LOCAL 3 &#8211; <br \/>08030 \u2013 BARCELONA.<br \/>Tel\u00e8fon: 931271974<br \/>Email per a comunicacions en mat\u00e8ria de Protecci\u00f3 de dades: limpiezas@ecoblanc.net<\/p>\n<p><strong>1.1. Normativa aplicable <\/strong><\/p>\n<p>La nostra Pol\u00edtica de Privacitat s&#8217;ha dissenyat d&#8217;acord amb el <strong>Reglament General de Protecci\u00f3 de Dades de la UE 2016\/679 del Parlament Europeo<\/strong> y del Consell, de 27 d&#8217;abril de 2016, relatiu a la protecci\u00f3 de les persones f\u00edsiques pel que fa al tractament de dades personals i a la lliure circulaci\u00f3 d&#8217;aquestes dades i pel qual es deroga la Directiva 95\/46\/CE (Reglament general de protecci\u00f3 de dades), i la Llei org\u00e0nica 3\/2018 del 5 de desembre, de Protecci\u00f3 de Dades de Car\u00e0cter Personal i Garantia dels Drets Digitals.<\/p>\n<p>En facilitar-nos les seves dades, Vost\u00e8 declara haver llegit i con\u00e8ixer la present Pol\u00edtica de Privacitat, prestant el seu consentiment inequ\u00edvoc i expr\u00e9s al tractament de les seves dades personals d&#8217;acord amb les finalitats i termes aqu\u00ed expressats.<\/p>\n<p>L&#8217;Empresa podr\u00e0 modificar la present Pol\u00edtica de Privacitat per a adaptar-la a les novetats legislatives, jurisprudencials o d&#8217;interpretaci\u00f3 de l&#8217;Ag\u00e8ncia Espanyola de Protecci\u00f3 de Dades. Aquestes condicions de privacitat podran ser complementades per l&#8217;Av\u00eds Legal, Pol\u00edtica de Cookies i les Condicions Generals que, si \u00e9s el cas, es recullin per a determinats productes o serveis, si aquest acc\u00e9s suposa alguna especialitat en mat\u00e8ria de protecci\u00f3 de dades de car\u00e0cter personal. <\/p>\n<p><strong>1.2. Delegado de Protecci\u00f3n de Datos <\/strong><\/p>\n<p>LOPDMONTOLIU I SERVEIS SL, amb NIF. B55261804. El tel\u00e8fon de contacte \u00e9s 625459540 i el correu electr\u00f2nic: info@lopdmontoliu.es  <\/p>\n<ol start=\"2\">\n<li><strong> FINALITAT DEL TRACTAMENT DE LES DADES PERSONALS<\/strong><\/li>\n<\/ol>\n<p>El tractament que realitzem de les seves dades personals respon a les seg\u00fcents finalitats:<\/p>\n<p>&#8211; Proporcionar-li informaci\u00f3 relacionada amb els productes i serveis que ofereix la nostra empresa i que detallen en aquest web site.<\/p>\n<p>&#8211; Realitzar la contractaci\u00f3 dels nostres serveis mitjan\u00e7ant l&#8217;acceptaci\u00f3 del corresponent pressupost \/ demanat i\/o la signatura d&#8217;un contracte mercantil.<\/p>\n<p>&#8211; Enviar-li per correu electr\u00f2nic i\/o postal les not\u00edcies i novetats sobre la nostra entitat, aix\u00ed com les actualitzacions del nostre cat\u00e0leg de productes i serveis.<\/p>\n<p><strong> <\/strong><\/p>\n<p><strong>2.1. Plazo de Conservaci\u00f3n de sus datos <\/strong><\/p>\n<p>Conservarem les seves dades personals des que ens doni el seu consentiment fins que el revoqui o b\u00e9 sol\u00b7liciti la limitaci\u00f3 del tractament. En tals casos, mantindrem les seves dades de manera bloquejada durant els terminis legalment exigits. <\/p>\n<ol start=\"3\">\n<li><strong> LEGITIMACI\u00d3 I DADES RECAPTADES<\/strong><\/li>\n<\/ol>\n<p>La legitimaci\u00f3 per al tractament de les seves dades \u00e9s el consentiment expr\u00e9s atorgat mitjan\u00e7ant un acte positiu i afirmatiu (emplenar el formulari corresponent i marcar la casella d&#8217;acceptaci\u00f3 d&#8217;aquesta pol\u00edtica) en el moment de facilitar-nos les seves dades personals.<\/p>\n<p><strong>3.1. Consentimiento para tratar sus datos <\/strong><\/p>\n<p>En emplenar els formularis, marcar la casella \u201cAccepto la Pol\u00edtica de Privacitat\u201d i fer clic per a enviar les dades, o en remetre correus electr\u00f2nics a l&#8217;Empresa a trav\u00e9s dels comptes habilitats a aquest efecte, l&#8217;Usuari manifesta haver llegit i acceptat expressament la present pol\u00edtica de privacitat, i atorga el seu consentiment inequ\u00edvoc i expr\u00e9s al tractament de les seves dades personals conforme a les finalitats indicades.<\/p>\n<p><strong>3.2. Categor\u00edas de datos <\/strong><\/p>\n<p>Les dades que es recapten es refereixen a la categoria de dades identificatives, com poden ser: Nom i Cognoms, Tel\u00e8fon, Adre\u00e7a Postal, Empresa, Correu electr\u00f2nic, aix\u00ed com l&#8217;adre\u00e7a IP des d&#8217;on accedeix al formulari de recollida de dades.<\/p>\n<ol start=\"4\">\n<li><strong> MESURES DE SEGURETAT<\/strong><\/li>\n<\/ol>\n<p>Dins del nostre comprom\u00eds per garantir la seguretat i confidencialitat de les seves dades de car\u00e0cter personal, l&#8217;informem que s&#8217;han adoptat les mesures d&#8217;\u00edndole t\u00e8cnica i organitzatives necess\u00e0ries per a garantir la seguretat de les dades de car\u00e0cter personal i evitar la seva alteraci\u00f3, p\u00e8rdua, tractament o acc\u00e9s no autoritzat, tenint en compte de l&#8217;estat de la tecnologia, la naturalesa de les dades emmagatzemades i els riscos al fet que estiguin exposats, segons l&#8217;Art. 32 del RGPD EU 679\/2016.<\/p>\n<ol start=\"5\">\n<li><strong> CESSI\u00d3 DE DADES<\/strong><\/li>\n<\/ol>\n<p>No es preveuen cessions de dades ni transfer\u00e8ncies internacionals de les seves dades, a excepci\u00f3 de les autoritzades per la legislaci\u00f3 fiscal, mercantil i de telecomunicacions aix\u00ed com en aquells casos en els quals una autoritat judicial ens ho requereixi.<\/p>\n<ol start=\"6\">\n<li><strong> DRETS DE L&#8217;USUARI<\/strong><\/li>\n<\/ol>\n<p>Qualsevol interessat t\u00e9 dret a obtenir confirmaci\u00f3 sobre si estem tractant dades personals que el concerneixin, o no. Les persones interessades tenen dret a accedir a les seves dades personals, aix\u00ed com a sol\u00b7licitar la rectificaci\u00f3 de les dades inexactes o, si \u00e9s el cas, sol\u00b7licitar la seva supressi\u00f3 quan, entre altres motius, les dades ja no siguin necessaris per als fins que van ser recollits. En determinades circumst\u00e0ncies, els interessats podran sol\u00b7licitar la limitaci\u00f3 del tractament de les seves dades, i en aquest cas \u00fanicament els conservarem per a l&#8217;exercici o la defensa de reclamacions. Per motius relacionats amb la seva situaci\u00f3 particular, els interessats podran oposar-se al tractament de les seves dades. El Responsable del fitxer deixar\u00e0 de tractar les dades, excepte per motius leg\u00edtims imperiosos, o l&#8217;exercici o la defensa de possibles reclamacions.    <\/p>\n<p>D&#8217;acord amb la legislaci\u00f3 vigent t\u00e9 els seg\u00fcents drets: dret a sol\u00b7licitar l&#8217;acc\u00e9s a les seves dades personals, dret a sol\u00b7licitar la seva rectificaci\u00f3 o supressi\u00f3, dret a sol\u00b7licitar la limitaci\u00f3 del seu tractament, dret a oposar-se al tractament, dret a la portabilitat de les dades i aix\u00ed mateix, a revocar el consentiment atorgat. Aix\u00ed mateix, t\u00e9 dret a presentar una reclamaci\u00f3 davant l&#8217;Ag\u00e8ncia Espanyola de Protecci\u00f3 de Dades. <\/p>\n<p><strong>6.1. \u00bfC\u00f3mo ejercitar mis derechos? <\/strong><\/p>\n<p>Per a exercir els seus drets, ha de dirigir-se al responsable, sol\u00b7licitant el corresponent formulari per a l&#8217;exercici del dret triat. Opcionalment, pot acudir a l&#8217;Autoritat de Control competent per a obtenir informaci\u00f3 addicional sobre els seus drets. Les dades de contacte per a l&#8217;exercici dels seus drets s\u00f3n el tel\u00e8fon <strong>931271974<\/strong> i el correu electr\u00f2nic: <strong>limpiezas@ecoblanc.net<\/strong>. Recordi acompanyar una c\u00f2pia d&#8217;un document que ens permeti identificar-li.   <\/p>\n<ol start=\"7\">\n<li><strong> CONSENTIMENT PER A ENVIAMENT DE COMUNICACIONS ELECTR\u00d2NIQUES<\/strong><\/li>\n<\/ol>\n<p>Aix\u00ed mateix, i d&#8217;acord amb el que s&#8217;estableix en la Llei 34\/2002, d&#8217;11 de juliol, de Serveis de la Societat de la Informaci\u00f3 i del Comer\u00e7 Electr\u00f2nic, completant el formulari de recollida de dades i marcant la corresponent casella \u201cAccepto\u201d est\u00e0 atorgant el consentiment expr\u00e9s per a enviar-li a la seva adre\u00e7a de correu electr\u00f2nic, tel\u00e8fon, fax o un altre mitj\u00e0 electr\u00f2nic en enviament d&#8217;informaci\u00f3 sobre l&#8217;Empresa.<\/p>\n<p>[\/et_pb_text][\/et_pb_column][\/et_pb_row][\/et_pb_section][et_pb_section fb_built=&#8221;1&#8243; _builder_version=&#8221;4.25.0&#8243; _module_preset=&#8221;default&#8221; custom_padding=&#8221;0px||0px||true|false&#8221; locked=&#8221;off&#8221; global_colors_info=&#8221;{}&#8221;][et_pb_row _builder_version=&#8221;4.25.0&#8243; _module_preset=&#8221;default&#8221; width=&#8221;100%&#8221; max_width=&#8221;100%&#8221; custom_margin=&#8221;0px||0px||true|false&#8221; custom_padding=&#8221;0px||0px||true|false&#8221; global_colors_info=&#8221;{}&#8221;][et_pb_column type=&#8221;4_4&#8243; _builder_version=&#8221;4.25.0&#8243; _module_preset=&#8221;default&#8221; global_colors_info=&#8221;{}&#8221;][et_pb_image src=&#8221;https:\/\/ecoblancneteges.com\/wp-content\/uploads\/linea-dorada.jpg&#8221; title_text=&#8221;l\u00ednia-daurada&#8221; force_fullwidth=&#8221;on&#8221; _builder_version=&#8221;4.25.0&#8243; _module_preset=&#8221;default&#8221; global_colors_info=&#8221;{}&#8221;][\/et_pb_image][\/et_pb_column][\/et_pb_row][\/et_pb_section]<\/p>\n","protected":false},"excerpt":{"rendered":"<p>Pol\u00edtica de privacitat DADES DEL RESPONSABLE DEL TRACTAMENT Ra\u00f3 Social: ECOBLANC SERVEIS DE NETEJA SL (d&#8217;ara endavant el \u201cResponsable\u201d).NIF: B67935205Domicili: C\/ RUBEN DARION\u00fam. 36 BIS LOCAL 3 &#8211; 08030 \u2013 BARCELONA.Tel\u00e8fon: 931271974Email per a comunicacions en mat\u00e8ria de Protecci\u00f3 de dades: limpiezas@ecoblanc.net 1.1. Normativa aplicable La nostra Pol\u00edtica de Privacitat s&#8217;ha dissenyat d&#8217;acord amb el Reglament General de Protecci\u00f3 de Dades de la UE 2016\/679 del Parlament Europeo y del Consell, de 27 d&#8217;abril de 2016, relatiu a la protecci\u00f3 de les persones f\u00edsiques pel que fa al tractament de dades personals i a la lliure circulaci\u00f3 d&#8217;aquestes dades i pel qual es deroga la Directiva 95\/46\/CE (Reglament general de protecci\u00f3 de dades), i la Llei org\u00e0nica 3\/2018 del 5 de desembre, de Protecci\u00f3 de Dades de Car\u00e0cter Personal i Garantia dels Drets Digitals. En facilitar-nos les seves dades, Vost\u00e8 declara haver llegit i con\u00e8ixer la present Pol\u00edtica de Privacitat, prestant el seu consentiment inequ\u00edvoc i expr\u00e9s al tractament de les seves dades personals d&#8217;acord amb les finalitats i termes aqu\u00ed expressats. L&#8217;Empresa podr\u00e0 modificar la present Pol\u00edtica de Privacitat per a adaptar-la a les novetats legislatives, jurisprudencials o d&#8217;interpretaci\u00f3 de l&#8217;Ag\u00e8ncia Espanyola de Protecci\u00f3 de Dades. Aquestes condicions de [&hellip;]<\/p>\n","protected":false},"author":1,"featured_media":0,"parent":0,"menu_order":10,"comment_status":"closed","ping_status":"closed","template":"","meta":{"_et_pb_use_builder":"on","_et_pb_old_content":"","_et_gb_content_width":"","footnotes":""},"class_list":["post-1058","page","type-page","status-publish","hentry"],"yoast_head":"<!-- This site is optimized with the Yoast SEO plugin v24.0 - https:\/\/yoast.com\/wordpress\/plugins\/seo\/ -->\n<title>Pol\u00edtica de privacitat - EcoBlanc<\/title>\n<meta name=\"robots\" content=\"index, follow, max-snippet:-1, max-image-preview:large, max-video-preview:-1\" \/>\n<link rel=\"canonical\" href=\"https:\/\/ecoblancneteges.com\/ca\/politica-de-privacitat\/\" \/>\n<meta property=\"og:locale\" content=\"ca_ES\" \/>\n<meta property=\"og:type\" content=\"article\" \/>\n<meta property=\"og:title\" content=\"Pol\u00edtica de privacitat - EcoBlanc\" \/>\n<meta property=\"og:description\" content=\"Pol\u00edtica de privacitat DADES DEL RESPONSABLE DEL TRACTAMENT Ra\u00f3 Social: ECOBLANC SERVEIS DE NETEJA SL (d&#039;ara endavant el \u201cResponsable\u201d).NIF: B67935205Domicili: C\/ RUBEN DARION\u00fam. 36 BIS LOCAL 3 - 08030 \u2013 BARCELONA.Tel\u00e8fon: 931271974Email per a comunicacions en mat\u00e8ria de Protecci\u00f3 de dades: limpiezas@ecoblanc.net 1.1. Normativa aplicable La nostra Pol\u00edtica de Privacitat s&#039;ha dissenyat d&#039;acord amb el Reglament General de Protecci\u00f3 de Dades de la UE 2016\/679 del Parlament Europeo y del Consell, de 27 d&#039;abril de 2016, relatiu a la protecci\u00f3 de les persones f\u00edsiques pel que fa al tractament de dades personals i a la lliure circulaci\u00f3 d&#039;aquestes dades i pel qual es deroga la Directiva 95\/46\/CE (Reglament general de protecci\u00f3 de dades), i la Llei org\u00e0nica 3\/2018 del 5 de desembre, de Protecci\u00f3 de Dades de Car\u00e0cter Personal i Garantia dels Drets Digitals. En facilitar-nos les seves dades, Vost\u00e8 declara haver llegit i con\u00e8ixer la present Pol\u00edtica de Privacitat, prestant el seu consentiment inequ\u00edvoc i expr\u00e9s al tractament de les seves dades personals d&#039;acord amb les finalitats i termes aqu\u00ed expressats. L&#039;Empresa podr\u00e0 modificar la present Pol\u00edtica de Privacitat per a adaptar-la a les novetats legislatives, jurisprudencials o d&#039;interpretaci\u00f3 de l&#039;Ag\u00e8ncia Espanyola de Protecci\u00f3 de Dades. Aquestes condicions de [&hellip;]\" \/>\n<meta property=\"og:url\" content=\"https:\/\/ecoblancneteges.com\/ca\/politica-de-privacitat\/\" \/>\n<meta property=\"og:site_name\" content=\"EcoBlanc\" \/>\n<meta property=\"article:modified_time\" content=\"2024-10-17T09:47:50+00:00\" \/>\n<meta name=\"twitter:card\" content=\"summary_large_image\" \/>\n<meta name=\"twitter:label1\" content=\"Temps estimat de lectura\" \/>\n\t<meta name=\"twitter:data1\" content=\"7 minuts\" \/>\n<script type=\"application\/ld+json\" class=\"yoast-schema-graph\">{\"@context\":\"https:\/\/schema.org\",\"@graph\":[{\"@type\":\"WebPage\",\"@id\":\"https:\/\/ecoblancneteges.com\/ca\/politica-de-privacitat\/\",\"url\":\"https:\/\/ecoblancneteges.com\/ca\/politica-de-privacitat\/\",\"name\":\"Pol\u00edtica de privacitat - EcoBlanc\",\"isPartOf\":{\"@id\":\"https:\/\/ecoblancneteges.com\/ca\/#website\"},\"datePublished\":\"2024-05-02T08:31:19+00:00\",\"dateModified\":\"2024-10-17T09:47:50+00:00\",\"breadcrumb\":{\"@id\":\"https:\/\/ecoblancneteges.com\/ca\/politica-de-privacitat\/#breadcrumb\"},\"inLanguage\":\"ca\",\"potentialAction\":[{\"@type\":\"ReadAction\",\"target\":[\"https:\/\/ecoblancneteges.com\/ca\/politica-de-privacitat\/\"]}]},{\"@type\":\"BreadcrumbList\",\"@id\":\"https:\/\/ecoblancneteges.com\/ca\/politica-de-privacitat\/#breadcrumb\",\"itemListElement\":[{\"@type\":\"ListItem\",\"position\":1,\"name\":\"Portada\",\"item\":\"https:\/\/ecoblancneteges.com\/ca\/home\/\"},{\"@type\":\"ListItem\",\"position\":2,\"name\":\"Pol\u00edtica de privacitat\"}]},{\"@type\":\"WebSite\",\"@id\":\"https:\/\/ecoblancneteges.com\/ca\/#website\",\"url\":\"https:\/\/ecoblancneteges.com\/ca\/\",\"name\":\"EcoBlanc\",\"description\":\"Servicios de limpieza ecol\u00f3gica\",\"potentialAction\":[{\"@type\":\"SearchAction\",\"target\":{\"@type\":\"EntryPoint\",\"urlTemplate\":\"https:\/\/ecoblancneteges.com\/ca\/?s={search_term_string}\"},\"query-input\":{\"@type\":\"PropertyValueSpecification\",\"valueRequired\":true,\"valueName\":\"search_term_string\"}}],\"inLanguage\":\"ca\"}]}<\/script>\n<!-- \/ Yoast SEO plugin. -->","yoast_head_json":{"title":"Pol\u00edtica de privacitat - EcoBlanc","robots":{"index":"index","follow":"follow","max-snippet":"max-snippet:-1","max-image-preview":"max-image-preview:large","max-video-preview":"max-video-preview:-1"},"canonical":"https:\/\/ecoblancneteges.com\/ca\/politica-de-privacitat\/","og_locale":"ca_ES","og_type":"article","og_title":"Pol\u00edtica de privacitat - EcoBlanc","og_description":"Pol\u00edtica de privacitat DADES DEL RESPONSABLE DEL TRACTAMENT Ra\u00f3 Social: ECOBLANC SERVEIS DE NETEJA SL (d'ara endavant el \u201cResponsable\u201d).NIF: B67935205Domicili: C\/ RUBEN DARION\u00fam. 36 BIS LOCAL 3 - 08030 \u2013 BARCELONA.Tel\u00e8fon: 931271974Email per a comunicacions en mat\u00e8ria de Protecci\u00f3 de dades: limpiezas@ecoblanc.net 1.1. Normativa aplicable La nostra Pol\u00edtica de Privacitat s'ha dissenyat d'acord amb el Reglament General de Protecci\u00f3 de Dades de la UE 2016\/679 del Parlament Europeo y del Consell, de 27 d'abril de 2016, relatiu a la protecci\u00f3 de les persones f\u00edsiques pel que fa al tractament de dades personals i a la lliure circulaci\u00f3 d'aquestes dades i pel qual es deroga la Directiva 95\/46\/CE (Reglament general de protecci\u00f3 de dades), i la Llei org\u00e0nica 3\/2018 del 5 de desembre, de Protecci\u00f3 de Dades de Car\u00e0cter Personal i Garantia dels Drets Digitals. En facilitar-nos les seves dades, Vost\u00e8 declara haver llegit i con\u00e8ixer la present Pol\u00edtica de Privacitat, prestant el seu consentiment inequ\u00edvoc i expr\u00e9s al tractament de les seves dades personals d'acord amb les finalitats i termes aqu\u00ed expressats. L'Empresa podr\u00e0 modificar la present Pol\u00edtica de Privacitat per a adaptar-la a les novetats legislatives, jurisprudencials o d'interpretaci\u00f3 de l'Ag\u00e8ncia Espanyola de Protecci\u00f3 de Dades. Aquestes condicions de [&hellip;]","og_url":"https:\/\/ecoblancneteges.com\/ca\/politica-de-privacitat\/","og_site_name":"EcoBlanc","article_modified_time":"2024-10-17T09:47:50+00:00","twitter_card":"summary_large_image","twitter_misc":{"Temps estimat de lectura":"7 minuts"},"schema":{"@context":"https:\/\/schema.org","@graph":[{"@type":"WebPage","@id":"https:\/\/ecoblancneteges.com\/ca\/politica-de-privacitat\/","url":"https:\/\/ecoblancneteges.com\/ca\/politica-de-privacitat\/","name":"Pol\u00edtica de privacitat - EcoBlanc","isPartOf":{"@id":"https:\/\/ecoblancneteges.com\/ca\/#website"},"datePublished":"2024-05-02T08:31:19+00:00","dateModified":"2024-10-17T09:47:50+00:00","breadcrumb":{"@id":"https:\/\/ecoblancneteges.com\/ca\/politica-de-privacitat\/#breadcrumb"},"inLanguage":"ca","potentialAction":[{"@type":"ReadAction","target":["https:\/\/ecoblancneteges.com\/ca\/politica-de-privacitat\/"]}]},{"@type":"BreadcrumbList","@id":"https:\/\/ecoblancneteges.com\/ca\/politica-de-privacitat\/#breadcrumb","itemListElement":[{"@type":"ListItem","position":1,"name":"Portada","item":"https:\/\/ecoblancneteges.com\/ca\/home\/"},{"@type":"ListItem","position":2,"name":"Pol\u00edtica de privacitat"}]},{"@type":"WebSite","@id":"https:\/\/ecoblancneteges.com\/ca\/#website","url":"https:\/\/ecoblancneteges.com\/ca\/","name":"EcoBlanc","description":"Servicios de limpieza ecol\u00f3gica","potentialAction":[{"@type":"SearchAction","target":{"@type":"EntryPoint","urlTemplate":"https:\/\/ecoblancneteges.com\/ca\/?s={search_term_string}"},"query-input":{"@type":"PropertyValueSpecification","valueRequired":true,"valueName":"search_term_string"}}],"inLanguage":"ca"}]}},"_links":{"self":[{"href":"https:\/\/ecoblancneteges.com\/ca\/wp-json\/wp\/v2\/pages\/1058","targetHints":{"allow":["GET"]}}],"collection":[{"href":"https:\/\/ecoblancneteges.com\/ca\/wp-json\/wp\/v2\/pages"}],"about":[{"href":"https:\/\/ecoblancneteges.com\/ca\/wp-json\/wp\/v2\/types\/page"}],"author":[{"embeddable":true,"href":"https:\/\/ecoblancneteges.com\/ca\/wp-json\/wp\/v2\/users\/1"}],"replies":[{"embeddable":true,"href":"https:\/\/ecoblancneteges.com\/ca\/wp-json\/wp\/v2\/comments?post=1058"}],"version-history":[{"count":2,"href":"https:\/\/ecoblancneteges.com\/ca\/wp-json\/wp\/v2\/pages\/1058\/revisions"}],"predecessor-version":[{"id":1060,"href":"https:\/\/ecoblancneteges.com\/ca\/wp-json\/wp\/v2\/pages\/1058\/revisions\/1060"}],"wp:attachment":[{"href":"https:\/\/ecoblancneteges.com\/ca\/wp-json\/wp\/v2\/media?parent=1058"}],"curies":[{"name":"wp","href":"https:\/\/api.w.org\/{rel}","templated":true}]}}