{"id":1055,"date":"2024-05-02T08:31:26","date_gmt":"2024-05-02T08:31:26","guid":{"rendered":"https:\/\/ecoblancneteges.com\/politica-de-cookies\/"},"modified":"2024-10-17T09:38:28","modified_gmt":"2024-10-17T09:38:28","slug":"politica-de-cookies","status":"publish","type":"page","link":"https:\/\/ecoblancneteges.com\/ca\/politica-de-cookies\/","title":{"rendered":"Pol\u00edtica de cookies"},"content":{"rendered":"<p>[et_pb_section fb_built=&#8221;1&#8243; _builder_version=&#8221;4.25.0&#8243; _module_preset=&#8221;default&#8221; use_background_color_gradient=&#8221;on&#8221; background_color_gradient_direction=&#8221;360deg&#8221; background_color_gradient_stops=&#8221;rgba(255,255,255,0) 0%|#ddece3 60%&#8221; background_enable_video_mp4=&#8221;off&#8221; background_enable_video_webm=&#8221;off&#8221; global_colors_info=&#8221;{}&#8221;][et_pb_row _builder_version=&#8221;4.25.0&#8243; _module_preset=&#8221;default&#8221; width=&#8221;45%&#8221; module_alignment=&#8221;center&#8221; custom_padding=&#8221;||0vh||false|false&#8221; global_colors_info=&#8221;{}&#8221;][et_pb_column type=&#8221;4_4&#8243; _builder_version=&#8221;4.25.0&#8243; _module_preset=&#8221;default&#8221; global_colors_info=&#8221;{}&#8221;][et_pb_text _builder_version=&#8221;4.25.0&#8243; _module_preset=&#8221;default&#8221; header_font=&#8221;|800|||||||&#8221; header_text_align=&#8221;center&#8221; header_text_color=&#8221;#015148&#8243; header_font_size=&#8221;4vw&#8221; custom_margin=&#8221;||1vh||false|false&#8221; global_colors_info=&#8221;{}&#8221;]<\/p>\n<h1>Pol\u00edtica de cookies<\/h1>\n<p>[\/et_pb_text][\/et_pb_column][\/et_pb_row][\/et_pb_section][et_pb_section fb_built=&#8221;1&#8243; _builder_version=&#8221;4.25.0&#8243; _module_preset=&#8221;default&#8221; custom_padding=&#8221;0px||0px||true|false&#8221; locked=&#8221;off&#8221; global_colors_info=&#8221;{}&#8221;][et_pb_row _builder_version=&#8221;4.25.0&#8243; _module_preset=&#8221;default&#8221; width=&#8221;100%&#8221; max_width=&#8221;100%&#8221; custom_margin=&#8221;0px||0px||true|false&#8221; custom_padding=&#8221;0px||0px||true|false&#8221; global_colors_info=&#8221;{}&#8221;][et_pb_column type=&#8221;4_4&#8243; _builder_version=&#8221;4.25.0&#8243; _module_preset=&#8221;default&#8221; global_colors_info=&#8221;{}&#8221;][et_pb_image src=&#8221;https:\/\/ecoblancneteges.com\/wp-content\/uploads\/linea-dorada.jpg&#8221; title_text=&#8221;l\u00ednia-daurada&#8221; force_fullwidth=&#8221;on&#8221; _builder_version=&#8221;4.25.0&#8243; _module_preset=&#8221;default&#8221; global_colors_info=&#8221;{}&#8221;][\/et_pb_image][\/et_pb_column][\/et_pb_row][\/et_pb_section][et_pb_section fb_built=&#8221;1&#8243; _builder_version=&#8221;4.25.0&#8243; _module_preset=&#8221;default&#8221; global_colors_info=&#8221;{}&#8221;][et_pb_row _builder_version=&#8221;4.25.0&#8243; _module_preset=&#8221;default&#8221; global_colors_info=&#8221;{}&#8221;][et_pb_column type=&#8221;4_4&#8243; _builder_version=&#8221;4.25.0&#8243; _module_preset=&#8221;default&#8221; global_colors_info=&#8221;{}&#8221;][et_pb_text _builder_version=&#8221;4.26.0&#8243; _module_preset=&#8221;default&#8221; hover_enabled=&#8221;0&#8243; custom_css_main_element=&#8221;font-weight: 400;&#8221; global_colors_info=&#8221;{}&#8221; sticky_enabled=&#8221;0&#8243;]<\/p>\n<p><strong>115\/1.- ANTECEDENTS<\/strong><\/p>\n<p>De conformitat amb la normativa espanyola que regula l&#8217;\u00fas de cookies en relaci\u00f3 a la prestaci\u00f3 de serveis de comunicacions electr\u00f2niques, recollida en l&#8217;article 22.2 de la Llei 34\/2002, de l&#8217;11 de juliol, de serveis de la societat de la informaci\u00f3 i de comer\u00e7 electr\u00f2nic, l&#8217;informem sobre les cookies utilitzades en el lloc web de <strong>ECOBLANC SERVEIS DE NETEJA SL<\/strong> i el motiu del seu \u00fas.<\/p>\n<p><strong> <\/strong><\/p>\n<p><strong>2.- QUE S\u00d3N LES COOKIES?<\/strong><\/p>\n<p>Una cookie \u00e9s un fitxer que es descarrega en el seu ordinador en accedir a determinades p\u00e0gines web. Les cookies permeten a una p\u00e0gina web, entre altres coses, emmagatzemar i recuperar informaci\u00f3 sobre els h\u00e0bits de navegaci\u00f3 d&#8217;un usuari o del seu equip i, depenent de la informaci\u00f3 que continguin i de la forma en qu\u00e8 utilitzi el seu equip, poden utilitzar-se per a recon\u00e8ixer a l&#8217;usuari. Les cookies s&#8217;associen \u00fanicament a un usuari an\u00f2nim i el seu ordinador o dispositiu i no proporcionen refer\u00e8ncies que permetin con\u00e8ixer les seves dades personals.  <\/p>\n<p>&nbsp;<\/p>\n<p><strong>3.- TIPUS DE COOKIES<\/strong><\/p>\n<p><strong><u>3.1.- Segons l&#8217;entitat que les gestiona<\/u><\/strong><\/p>\n<p>a.- <strong>Cookies pr\u00f2pies<\/strong>: S\u00f3n aquelles que s&#8217;envien a l&#8217;equip terminal de l&#8217;usuari des d&#8217;un equip o domini gestionat pel propi editor i des del qual es presta el servei sol\u00b7licitat per l&#8217;usuari.<\/p>\n<p>b.- <strong>Cookies de tercers<\/strong>: S\u00f3n aquelles que s&#8217;envien a l&#8217;equip terminal de l&#8217;usuari des d&#8217;un equip o domini que no \u00e9s gestionat per l&#8217;editor, sin\u00f3 per una altra entitat que tracta les dades obtingudes a trav\u00e9s de les cookies.<\/p>\n<p><strong> <\/strong><\/p>\n<p><strong><u>3.2.- Segons la finalitat<\/u><\/strong><\/p>\n<p>Existeixen moltes finalitats per a l&#8217;\u00fas de les cookies. Segons la finalitat per a la qual es tractin les dades obtingudes a trav\u00e9s de les cookies, algunes de les finalitats poden ser: <\/p>\n<ol>\n<li><strong>a) Cookies t\u00e8cniques:<\/strong> s\u00f3n aquelles que permeten a l&#8217;usuari la navegaci\u00f3 a trav\u00e9s d&#8217;una p\u00e0gina web, plataforma o aplicaci\u00f3 i la utilitzaci\u00f3 de les diferents opcions o serveis que en ella existeixin, incloent-hi aquelles que l&#8217;editor utilitza per a permetre la gesti\u00f3 i operativa de la p\u00e0gina web i habilitar les seves funcions i serveis, com, per exemple, controlar el tr\u00e0nsit i la comunicaci\u00f3 de dades, identificar la sessi\u00f3, accedir a parts d&#8217;acc\u00e9s restringit, recordar els elements que integren una comanda, realitzar el proc\u00e9s de compra d&#8217;una comanda, gestionar el pagament, controlar el frau vinculat a la seguretat del servei, realitzar la sol\u00b7licitud d&#8217;inscripci\u00f3 o participaci\u00f3 en un esdeveniment, comptar visites a l&#8217;efecte de la facturaci\u00f3 de llic\u00e8ncies del programari amb el qual funciona el servei (lloc web, plataforma o aplicaci\u00f3), utilitzar elements de seguretat durant la navegaci\u00f3, emmagatzemar continguts per a la difusi\u00f3 de v\u00eddeos o so, habilitar continguts din\u00e0mics (per exemple, animaci\u00f3 de c\u00e0rrega d&#8217;un text o imatge) o compartir continguts a trav\u00e9s de xarxes socials.<\/li>\n<\/ol>\n<p>Les cookies t\u00e8cniques estaran exceptuades del compliment de les obligacions establertes en l&#8217;article 22.2 de la LSSI quan permetin prestar el servei sol\u00b7licitat per l&#8217;usuari, com ocorre en el cas de les cookies enumerades en els par\u00e0grafs anteriors. No obstant aix\u00f2, si aquestes cookies s&#8217;utilitzen tamb\u00e9 per a finalitats no exemptes (per exemple, per a fins publicitaris comportamentals), quedaran subjectes a aquestes obligacions. <\/p>\n<ol>\n<li><strong>b) Cookies de prefer\u00e8ncies o personalitzaci\u00f3<\/strong>: s\u00f3n aquelles que permeten recordar informaci\u00f3 perqu\u00e8 l&#8217;usuari accedeixi al servei amb determinades caracter\u00edstiques que poden diferenciar la seva experi\u00e8ncia de la d&#8217;altres usuaris, com, per exemple, l&#8217;idioma, el nombre de resultats a mostrar quan l&#8217;usuari realitza una cerca, l&#8217;aspecte o contingut del servei en funci\u00f3 del tipus de navegador a trav\u00e9s del qual l&#8217;usuari accedeix al servei o de la regi\u00f3 des de la qual accedeix al servei, etc.<\/li>\n<\/ol>\n<p>Si \u00e9s el propi usuari qui tria aquestes caracter\u00edstiques (per exemple, si selecciona l&#8217;idioma d&#8217;un lloc web clicant en la icona de la bandera del pa\u00eds corresponent), les cookies estaran exceptuades de les obligacions de l&#8217;article 22.2 de la LSSI per considerar-se un servei expressament sol\u00b7licitat per l&#8217;usuari, i aix\u00f2 sempre que les cookies obeeixin exclusivament a la finalitat seleccionada.<\/p>\n<ol>\n<li><strong>c) Cookies d&#8217;an\u00e0lisis o mesurament:<\/strong> s\u00f3n aquelles que permeten al responsable de les mateixes el seguiment i an\u00e0lisi del comportament dels usuaris dels llocs web als quals estan vinculades, inclosa la quantificaci\u00f3 dels impactes dels anuncis. La informaci\u00f3 recollida mitjan\u00e7ant aquesta mena de cookies s&#8217;utilitza en el mesurament de l&#8217;activitat dels llocs web, aplicaci\u00f3 o plataforma, amb la finalitat d&#8217;introduir millores en funci\u00f3 de l&#8217;an\u00e0lisi de les dades d&#8217;\u00fas que fan els usuaris del servei. <\/li>\n<li><strong>d) Cookies de publicitat comportamental:<\/strong> s\u00f3n aquelles que emmagatzemen informaci\u00f3 del comportament dels usuaris obtinguda a trav\u00e9s de l&#8217;observaci\u00f3 continuada dels seus h\u00e0bits de navegaci\u00f3, la qual cosa permet desenvolupar un perfil espec\u00edfic per a mostrar publicitat en funci\u00f3 d&#8217;aquest.<\/li>\n<\/ol>\n<p><strong><u>3.3.- Segons el termini de temps que romanen activades<\/u><\/strong><\/p>\n<ol>\n<li><strong>a) Cookies de sessi\u00f3:<\/strong> s\u00f3n aquelles dissenyades per a recaptar i emmagatzemar dades mentre l&#8217;usuari accedeix a una p\u00e0gina web. Se solen emprar per a emmagatzemar informaci\u00f3 que nom\u00e9s interessa conservar per a la prestaci\u00f3 del servei sol\u00b7licitat per l&#8217;usuari en una sola ocasi\u00f3 (per exemple, una llista de productes adquirits) i desapareixen en acabar la sessi\u00f3. <\/li>\n<li><strong>b) Cookies persistents:<\/strong> s\u00f3n aquelles en les quals les dades segueixen emmagatzemats en el terminal i poden ser accedits i tractats durant un per\u00edode definit pel responsable de la cookie, i que pot anar d&#8217;uns minuts a diversos anys.<\/li>\n<\/ol>\n<p><strong> <\/strong><\/p>\n<p><strong>4.- LLISTAT DE COOKIES UTILITZADES PER AQUEST LLOC WEB<\/strong><\/p>\n<p>La utilitzaci\u00f3 de les cookies ofereix avantatges en la prestaci\u00f3 de serveis dins del que es coneix com la societat de la informaci\u00f3, ja que, facilita a l&#8217;usuari la navegaci\u00f3 i l&#8217;acc\u00e9s als diferents serveis que ofereix aquest lloc web; evita a l&#8217;usuari haver de configurar les caracter\u00edstiques generals predefinides cada vegada que accedeix al lloc web; afavoreix la millora del funcionament i dels serveis prestats a trav\u00e9s d&#8217;aquest lloc web, despr\u00e9s de la corresponent an\u00e0lisi de la informaci\u00f3 obtinguda a trav\u00e9s de les cookies instal\u00b7lades.<\/p>\n<p>En concret aquest lloc web utilitza les seg\u00fcents cookies:<\/p>\n<table>\n<tbody>\n<tr>\n<td width=\"78\">\n<p><strong>Nom<\/strong><\/p>\n<\/td>\n<td width=\"150\">\n<p><strong>Entitat <\/strong><\/p>\n<\/td>\n<td width=\"134\">\n<p><strong>Caducitat<\/strong><\/p>\n<\/td>\n<td width=\"233\">\n<p><strong>Finalitat<\/strong><\/p>\n<\/td>\n<\/tr>\n<tr>\n<td width=\"78\">GRECAPTCHA<\/td>\n<td width=\"150\">\n<p> Google<\/p>\n<\/td>\n<td width=\"134\">15\/01\/2025<\/td>\n<td width=\"233\">Associada a la funci\u00f3 reCAPTCHA de Google, usada per a distingir entre humans i bots, la qual cosa ajuda a la seguretat del lloc.<\/td>\n<\/tr>\n<tr>\n<td width=\"78\"><\/td>\n<td width=\"150\">\n<p>&nbsp;<\/p>\n<\/td>\n<td width=\"134\"><\/td>\n<td width=\"233\"><\/td>\n<\/tr>\n<tr>\n<td width=\"78\"><\/td>\n<td width=\"150\">\n<p>&nbsp;<\/p>\n<\/td>\n<td width=\"134\"><\/td>\n<td width=\"233\"><\/td>\n<\/tr>\n<\/tbody>\n<\/table>\n<p><strong><u><\/u><\/strong><\/p>\n<p><strong><u> <\/u><\/strong><\/p>\n<p><strong><u><\/u><\/strong><\/p>\n<p><strong>5.- REVOCACI\u00d3 I ELIMINACI\u00d3 DE COOKIES<\/strong><\/p>\n<p>En tot moment podr\u00e0 accedir a la configuraci\u00f3 del seu navegador acceptant o rebutjant totes les cookies, o b\u00e9 seleccionar aquelles la instal\u00b7laci\u00f3 de les quals admet i quins no, seguint els procediments propis del navegador que utilitzi.<\/p>\n<p>&nbsp;<\/p>\n<p><strong>6.- TERCERS PRESTADORS DE SERVEIS<\/strong><\/p>\n<p>Els tercers prestadors de serveis amb els quals hem contractat algun servei per al qual \u00e9s necessari la utilitzaci\u00f3 de cookies s\u00f3n els que es llisten a continuaci\u00f3:<\/p>\n<table>\n<tbody>\n<tr>\n<td width=\"132\">\n<p><strong>Prove\u00efdor<\/strong><\/p>\n<\/td>\n<td width=\"230\">\n<p><strong>Finalitat del Servei i de la Cookie<\/strong><\/p>\n<\/td>\n<td width=\"236\">\n<p><strong>Informaci\u00f3 del Prove\u00efdor<\/strong><\/p>\n<\/td>\n<\/tr>\n<tr>\n<td width=\"132\">\n<p>GOOGLE Inc.<\/p>\n<\/td>\n<td width=\"230\">\n<p> An\u00e0lisi estad\u00edstica del lloc web a nivell de comptabilitzaci\u00f3 de visitants, p\u00e0gines visitades, paraules clau utilitzades i similars<\/p>\n<\/td>\n<td width=\"236\">\n<p>http:\/\/www.google.es\/intl\/es\/policies\/privacy\/<\/p>\n<\/td>\n<\/tr>\n<\/tbody>\n<\/table>\n<p><strong> <\/strong><\/p>\n<p><strong> <\/strong><\/p>\n<p>[\/et_pb_text][\/et_pb_column][\/et_pb_row][\/et_pb_section][et_pb_section fb_built=&#8221;1&#8243; _builder_version=&#8221;4.25.0&#8243; _module_preset=&#8221;default&#8221; custom_padding=&#8221;0px||0px||true|false&#8221; locked=&#8221;off&#8221; global_colors_info=&#8221;{}&#8221;][et_pb_row _builder_version=&#8221;4.25.0&#8243; _module_preset=&#8221;default&#8221; width=&#8221;100%&#8221; max_width=&#8221;100%&#8221; custom_margin=&#8221;0px||0px||true|false&#8221; custom_padding=&#8221;0px||0px||true|false&#8221; global_colors_info=&#8221;{}&#8221;][et_pb_column type=&#8221;4_4&#8243; _builder_version=&#8221;4.25.0&#8243; _module_preset=&#8221;default&#8221; global_colors_info=&#8221;{}&#8221;][et_pb_image src=&#8221;https:\/\/ecoblancneteges.com\/wp-content\/uploads\/linea-dorada.jpg&#8221; title_text=&#8221;l\u00ednia-daurada&#8221; force_fullwidth=&#8221;on&#8221; _builder_version=&#8221;4.25.0&#8243; _module_preset=&#8221;default&#8221; global_colors_info=&#8221;{}&#8221;][\/et_pb_image][\/et_pb_column][\/et_pb_row][\/et_pb_section]<\/p>\n","protected":false},"excerpt":{"rendered":"<p>Pol\u00edtica de cookies115\/1.- ANTECEDENTS De conformitat amb la normativa espanyola que regula l&#8217;\u00fas de cookies en relaci\u00f3 a la prestaci\u00f3 de serveis de comunicacions electr\u00f2niques, recollida en l&#8217;article 22.2 de la Llei 34\/2002, de l&#8217;11 de juliol, de serveis de la societat de la informaci\u00f3 i de comer\u00e7 electr\u00f2nic, l&#8217;informem sobre les cookies utilitzades en el lloc web de ECOBLANC SERVEIS DE NETEJA SL i el motiu del seu \u00fas. 2.- QUE S\u00d3N LES COOKIES? Una cookie \u00e9s un fitxer que es descarrega en el seu ordinador en accedir a determinades p\u00e0gines web. Les cookies permeten a una p\u00e0gina web, entre altres coses, emmagatzemar i recuperar informaci\u00f3 sobre els h\u00e0bits de navegaci\u00f3 d&#8217;un usuari o del seu equip i, depenent de la informaci\u00f3 que continguin i de la forma en qu\u00e8 utilitzi el seu equip, poden utilitzar-se per a recon\u00e8ixer a l&#8217;usuari. Les cookies s&#8217;associen \u00fanicament a un usuari an\u00f2nim i el seu ordinador o dispositiu i no proporcionen refer\u00e8ncies que permetin con\u00e8ixer les seves dades personals. &nbsp; 3.- TIPUS DE COOKIES 3.1.- Segons l&#8217;entitat que les gestiona a.- Cookies pr\u00f2pies: S\u00f3n aquelles que s&#8217;envien a l&#8217;equip terminal de l&#8217;usuari des d&#8217;un equip o domini gestionat pel propi editor i [&hellip;]<\/p>\n","protected":false},"author":1,"featured_media":0,"parent":0,"menu_order":10,"comment_status":"closed","ping_status":"closed","template":"","meta":{"_et_pb_use_builder":"on","_et_pb_old_content":"","_et_gb_content_width":"","footnotes":""},"class_list":["post-1055","page","type-page","status-publish","hentry"],"yoast_head":"<!-- This site is optimized with the Yoast SEO plugin v24.0 - https:\/\/yoast.com\/wordpress\/plugins\/seo\/ -->\n<title>Pol\u00edtica de cookies - EcoBlanc<\/title>\n<meta name=\"robots\" content=\"index, follow, max-snippet:-1, max-image-preview:large, max-video-preview:-1\" \/>\n<link rel=\"canonical\" href=\"https:\/\/ecoblancneteges.com\/ca\/politica-de-cookies\/\" \/>\n<meta property=\"og:locale\" content=\"ca_ES\" \/>\n<meta property=\"og:type\" content=\"article\" \/>\n<meta property=\"og:title\" content=\"Pol\u00edtica de cookies - EcoBlanc\" \/>\n<meta property=\"og:description\" content=\"Pol\u00edtica de cookies115\/1.- ANTECEDENTS De conformitat amb la normativa espanyola que regula l&#039;\u00fas de cookies en relaci\u00f3 a la prestaci\u00f3 de serveis de comunicacions electr\u00f2niques, recollida en l&#039;article 22.2 de la Llei 34\/2002, de l&#039;11 de juliol, de serveis de la societat de la informaci\u00f3 i de comer\u00e7 electr\u00f2nic, l&#039;informem sobre les cookies utilitzades en el lloc web de ECOBLANC SERVEIS DE NETEJA SL i el motiu del seu \u00fas. 2.- QUE S\u00d3N LES COOKIES? Una cookie \u00e9s un fitxer que es descarrega en el seu ordinador en accedir a determinades p\u00e0gines web. Les cookies permeten a una p\u00e0gina web, entre altres coses, emmagatzemar i recuperar informaci\u00f3 sobre els h\u00e0bits de navegaci\u00f3 d&#039;un usuari o del seu equip i, depenent de la informaci\u00f3 que continguin i de la forma en qu\u00e8 utilitzi el seu equip, poden utilitzar-se per a recon\u00e8ixer a l&#039;usuari. Les cookies s&#039;associen \u00fanicament a un usuari an\u00f2nim i el seu ordinador o dispositiu i no proporcionen refer\u00e8ncies que permetin con\u00e8ixer les seves dades personals. &nbsp; 3.- TIPUS DE COOKIES 3.1.- Segons l&#039;entitat que les gestiona a.- Cookies pr\u00f2pies: S\u00f3n aquelles que s&#039;envien a l&#039;equip terminal de l&#039;usuari des d&#039;un equip o domini gestionat pel propi editor i [&hellip;]\" \/>\n<meta property=\"og:url\" content=\"https:\/\/ecoblancneteges.com\/ca\/politica-de-cookies\/\" \/>\n<meta property=\"og:site_name\" content=\"EcoBlanc\" \/>\n<meta property=\"article:modified_time\" content=\"2024-10-17T09:38:28+00:00\" \/>\n<meta name=\"twitter:card\" content=\"summary_large_image\" \/>\n<meta name=\"twitter:label1\" content=\"Temps estimat de lectura\" \/>\n\t<meta name=\"twitter:data1\" content=\"8 minuts\" \/>\n<script type=\"application\/ld+json\" class=\"yoast-schema-graph\">{\"@context\":\"https:\/\/schema.org\",\"@graph\":[{\"@type\":\"WebPage\",\"@id\":\"https:\/\/ecoblancneteges.com\/ca\/politica-de-cookies\/\",\"url\":\"https:\/\/ecoblancneteges.com\/ca\/politica-de-cookies\/\",\"name\":\"Pol\u00edtica de cookies - EcoBlanc\",\"isPartOf\":{\"@id\":\"https:\/\/ecoblancneteges.com\/ca\/#website\"},\"datePublished\":\"2024-05-02T08:31:26+00:00\",\"dateModified\":\"2024-10-17T09:38:28+00:00\",\"breadcrumb\":{\"@id\":\"https:\/\/ecoblancneteges.com\/ca\/politica-de-cookies\/#breadcrumb\"},\"inLanguage\":\"ca\",\"potentialAction\":[{\"@type\":\"ReadAction\",\"target\":[\"https:\/\/ecoblancneteges.com\/ca\/politica-de-cookies\/\"]}]},{\"@type\":\"BreadcrumbList\",\"@id\":\"https:\/\/ecoblancneteges.com\/ca\/politica-de-cookies\/#breadcrumb\",\"itemListElement\":[{\"@type\":\"ListItem\",\"position\":1,\"name\":\"Portada\",\"item\":\"https:\/\/ecoblancneteges.com\/ca\/home\/\"},{\"@type\":\"ListItem\",\"position\":2,\"name\":\"Pol\u00edtica de cookies\"}]},{\"@type\":\"WebSite\",\"@id\":\"https:\/\/ecoblancneteges.com\/ca\/#website\",\"url\":\"https:\/\/ecoblancneteges.com\/ca\/\",\"name\":\"EcoBlanc\",\"description\":\"Servicios de limpieza ecol\u00f3gica\",\"potentialAction\":[{\"@type\":\"SearchAction\",\"target\":{\"@type\":\"EntryPoint\",\"urlTemplate\":\"https:\/\/ecoblancneteges.com\/ca\/?s={search_term_string}\"},\"query-input\":{\"@type\":\"PropertyValueSpecification\",\"valueRequired\":true,\"valueName\":\"search_term_string\"}}],\"inLanguage\":\"ca\"}]}<\/script>\n<!-- \/ Yoast SEO plugin. -->","yoast_head_json":{"title":"Pol\u00edtica de cookies - EcoBlanc","robots":{"index":"index","follow":"follow","max-snippet":"max-snippet:-1","max-image-preview":"max-image-preview:large","max-video-preview":"max-video-preview:-1"},"canonical":"https:\/\/ecoblancneteges.com\/ca\/politica-de-cookies\/","og_locale":"ca_ES","og_type":"article","og_title":"Pol\u00edtica de cookies - EcoBlanc","og_description":"Pol\u00edtica de cookies115\/1.- ANTECEDENTS De conformitat amb la normativa espanyola que regula l'\u00fas de cookies en relaci\u00f3 a la prestaci\u00f3 de serveis de comunicacions electr\u00f2niques, recollida en l'article 22.2 de la Llei 34\/2002, de l'11 de juliol, de serveis de la societat de la informaci\u00f3 i de comer\u00e7 electr\u00f2nic, l'informem sobre les cookies utilitzades en el lloc web de ECOBLANC SERVEIS DE NETEJA SL i el motiu del seu \u00fas. 2.- QUE S\u00d3N LES COOKIES? Una cookie \u00e9s un fitxer que es descarrega en el seu ordinador en accedir a determinades p\u00e0gines web. Les cookies permeten a una p\u00e0gina web, entre altres coses, emmagatzemar i recuperar informaci\u00f3 sobre els h\u00e0bits de navegaci\u00f3 d'un usuari o del seu equip i, depenent de la informaci\u00f3 que continguin i de la forma en qu\u00e8 utilitzi el seu equip, poden utilitzar-se per a recon\u00e8ixer a l'usuari. Les cookies s'associen \u00fanicament a un usuari an\u00f2nim i el seu ordinador o dispositiu i no proporcionen refer\u00e8ncies que permetin con\u00e8ixer les seves dades personals. &nbsp; 3.- TIPUS DE COOKIES 3.1.- Segons l'entitat que les gestiona a.- Cookies pr\u00f2pies: S\u00f3n aquelles que s'envien a l'equip terminal de l'usuari des d'un equip o domini gestionat pel propi editor i [&hellip;]","og_url":"https:\/\/ecoblancneteges.com\/ca\/politica-de-cookies\/","og_site_name":"EcoBlanc","article_modified_time":"2024-10-17T09:38:28+00:00","twitter_card":"summary_large_image","twitter_misc":{"Temps estimat de lectura":"8 minuts"},"schema":{"@context":"https:\/\/schema.org","@graph":[{"@type":"WebPage","@id":"https:\/\/ecoblancneteges.com\/ca\/politica-de-cookies\/","url":"https:\/\/ecoblancneteges.com\/ca\/politica-de-cookies\/","name":"Pol\u00edtica de cookies - EcoBlanc","isPartOf":{"@id":"https:\/\/ecoblancneteges.com\/ca\/#website"},"datePublished":"2024-05-02T08:31:26+00:00","dateModified":"2024-10-17T09:38:28+00:00","breadcrumb":{"@id":"https:\/\/ecoblancneteges.com\/ca\/politica-de-cookies\/#breadcrumb"},"inLanguage":"ca","potentialAction":[{"@type":"ReadAction","target":["https:\/\/ecoblancneteges.com\/ca\/politica-de-cookies\/"]}]},{"@type":"BreadcrumbList","@id":"https:\/\/ecoblancneteges.com\/ca\/politica-de-cookies\/#breadcrumb","itemListElement":[{"@type":"ListItem","position":1,"name":"Portada","item":"https:\/\/ecoblancneteges.com\/ca\/home\/"},{"@type":"ListItem","position":2,"name":"Pol\u00edtica de cookies"}]},{"@type":"WebSite","@id":"https:\/\/ecoblancneteges.com\/ca\/#website","url":"https:\/\/ecoblancneteges.com\/ca\/","name":"EcoBlanc","description":"Servicios de limpieza ecol\u00f3gica","potentialAction":[{"@type":"SearchAction","target":{"@type":"EntryPoint","urlTemplate":"https:\/\/ecoblancneteges.com\/ca\/?s={search_term_string}"},"query-input":{"@type":"PropertyValueSpecification","valueRequired":true,"valueName":"search_term_string"}}],"inLanguage":"ca"}]}},"_links":{"self":[{"href":"https:\/\/ecoblancneteges.com\/ca\/wp-json\/wp\/v2\/pages\/1055","targetHints":{"allow":["GET"]}}],"collection":[{"href":"https:\/\/ecoblancneteges.com\/ca\/wp-json\/wp\/v2\/pages"}],"about":[{"href":"https:\/\/ecoblancneteges.com\/ca\/wp-json\/wp\/v2\/types\/page"}],"author":[{"embeddable":true,"href":"https:\/\/ecoblancneteges.com\/ca\/wp-json\/wp\/v2\/users\/1"}],"replies":[{"embeddable":true,"href":"https:\/\/ecoblancneteges.com\/ca\/wp-json\/wp\/v2\/comments?post=1055"}],"version-history":[{"count":2,"href":"https:\/\/ecoblancneteges.com\/ca\/wp-json\/wp\/v2\/pages\/1055\/revisions"}],"predecessor-version":[{"id":1057,"href":"https:\/\/ecoblancneteges.com\/ca\/wp-json\/wp\/v2\/pages\/1055\/revisions\/1057"}],"wp:attachment":[{"href":"https:\/\/ecoblancneteges.com\/ca\/wp-json\/wp\/v2\/media?parent=1055"}],"curies":[{"name":"wp","href":"https:\/\/api.w.org\/{rel}","templated":true}]}}