{"id":1052,"date":"2024-05-02T08:31:25","date_gmt":"2024-05-02T08:31:25","guid":{"rendered":"https:\/\/ecoblancneteges.com\/avis-legal\/"},"modified":"2024-10-17T09:27:04","modified_gmt":"2024-10-17T09:27:04","slug":"avis-legal","status":"publish","type":"page","link":"https:\/\/ecoblancneteges.com\/ca\/avis-legal\/","title":{"rendered":"Av\u00eds legal"},"content":{"rendered":"<p>[et_pb_section fb_built=&#8221;1&#8243; _builder_version=&#8221;4.25.0&#8243; _module_preset=&#8221;default&#8221; use_background_color_gradient=&#8221;on&#8221; background_color_gradient_direction=&#8221;360deg&#8221; background_color_gradient_stops=&#8221;rgba(255,255,255,0) 0%|#ddece3 60%&#8221; background_enable_video_mp4=&#8221;off&#8221; background_enable_video_webm=&#8221;off&#8221; global_colors_info=&#8221;{}&#8221;][et_pb_row _builder_version=&#8221;4.25.0&#8243; _module_preset=&#8221;default&#8221; width=&#8221;45%&#8221; module_alignment=&#8221;center&#8221; custom_padding=&#8221;||0vh||false|false&#8221; global_colors_info=&#8221;{}&#8221;][et_pb_column type=&#8221;4_4&#8243; _builder_version=&#8221;4.25.0&#8243; _module_preset=&#8221;default&#8221; global_colors_info=&#8221;{}&#8221;][et_pb_text _builder_version=&#8221;4.25.0&#8243; _module_preset=&#8221;default&#8221; header_font=&#8221;|800|||||||&#8221; header_text_align=&#8221;center&#8221; header_text_color=&#8221;#015148&#8243; header_font_size=&#8221;4vw&#8221; custom_margin=&#8221;||1vh||false|false&#8221; global_colors_info=&#8221;{}&#8221;]<\/p>\n<h1>Av\u00eds legal<\/h1>\n<p>[\/et_pb_text][\/et_pb_column][\/et_pb_row][\/et_pb_section][et_pb_section fb_built=&#8221;1&#8243; _builder_version=&#8221;4.25.0&#8243; _module_preset=&#8221;default&#8221; custom_padding=&#8221;0px||0px||true|false&#8221; locked=&#8221;off&#8221; global_colors_info=&#8221;{}&#8221;][et_pb_row _builder_version=&#8221;4.25.0&#8243; _module_preset=&#8221;default&#8221; width=&#8221;100%&#8221; max_width=&#8221;100%&#8221; custom_margin=&#8221;0px||0px||true|false&#8221; custom_padding=&#8221;0px||0px||true|false&#8221; global_colors_info=&#8221;{}&#8221;][et_pb_column type=&#8221;4_4&#8243; _builder_version=&#8221;4.25.0&#8243; _module_preset=&#8221;default&#8221; global_colors_info=&#8221;{}&#8221;][et_pb_image src=&#8221;https:\/\/ecoblancneteges.com\/wp-content\/uploads\/linea-dorada.jpg&#8221; title_text=&#8221;l\u00ednia-daurada&#8221; force_fullwidth=&#8221;on&#8221; _builder_version=&#8221;4.25.0&#8243; _module_preset=&#8221;default&#8221; global_colors_info=&#8221;{}&#8221;][\/et_pb_image][\/et_pb_column][\/et_pb_row][\/et_pb_section][et_pb_section fb_built=&#8221;1&#8243; _builder_version=&#8221;4.25.0&#8243; _module_preset=&#8221;default&#8221; global_colors_info=&#8221;{}&#8221;][et_pb_row _builder_version=&#8221;4.26.0&#8243; _module_preset=&#8221;default&#8221; hover_enabled=&#8221;0&#8243; global_colors_info=&#8221;{}&#8221; width=&#8221;60%&#8221; sticky_enabled=&#8221;0&#8243;][et_pb_column type=&#8221;4_4&#8243; _builder_version=&#8221;4.25.0&#8243; _module_preset=&#8221;default&#8221; global_colors_info=&#8221;{}&#8221;][et_pb_text _builder_version=&#8221;4.26.0&#8243; _module_preset=&#8221;default&#8221; hover_enabled=&#8221;0&#8243; custom_css_main_element=&#8221;font-weight: 400;&#8221; global_colors_info=&#8221;{}&#8221; sticky_enabled=&#8221;0&#8243;]<\/p>\n<p><strong>Identificaci\u00f3 del prestador de serveis de la societat de la informaci\u00f3<\/strong><\/p>\n<p>&nbsp;<\/p>\n<p>Amb la finalitat de donar compliment a l&#8217;article 10 de la Llei 34\/2002 de Serveis de la Societat de la Informaci\u00f3 i Comer\u00e7 Electr\u00f2nic, informem l&#8217;Usuari de les nostres dades:<\/p>\n<p>&nbsp;<\/p>\n<p>Lloc\/s web: www.ecoblancneteges.com.<\/p>\n<p>Entitat: ECOBLANC SERVEIS DE NETEJA SL<\/p>\n<p>Domicili: C\/ RUBEN DARIO N\u00ba 36 BIS LOCAL 3 &#8211; 08030 &#8211; BARCELONA<\/p>\n<p>NIF: B67935205<\/p>\n<p>Tel\u00e8fon: 931271974<\/p>\n<p>e-Mail: limpiezas@ecoblanc.net<\/p>\n<p>Tomo 48134, Foli 173, Secci\u00f3 8, Fulla B 573388, Inscripci\u00f3 1.<\/p>\n<p>&nbsp;<\/p>\n<p>&nbsp;<\/p>\n<p><strong>Object<\/strong><\/p>\n<p>El prestador, responsable del lloc web, posa a la disposici\u00f3 dels Usuaris el present document amb el qual pret\u00e9n donar compliment a les obligacions disposades en la Llei 34\/2002, de Serveis de la Societat de la Informaci\u00f3 i del Comer\u00e7 Electr\u00f2nic (LSSI-CE), aix\u00ed com informar a tots els usuaris del lloc web respecte a quins s\u00f3n les condicions d&#8217;\u00fas del lloc web.<\/p>\n<p>&nbsp;<\/p>\n<p>Tota persona que accedeixi a aquest lloc web assumeix el paper d&#8217;usuari, comprometent-se a l&#8217;observan\u00e7a i compliment rigor\u00f3s de les disposicions aqu\u00ed disposades, aix\u00ed com a qualsevol altra disposici\u00f3 legal que fos aplicable.<\/p>\n<p>&nbsp;<\/p>\n<p>El prestador es reserva el dret a modificar qualsevol tipus d&#8217;informaci\u00f3 que pogu\u00e9s apar\u00e8ixer en el lloc web, sense que existeixi obligaci\u00f3 de preavisar o posar en coneixement dels usuaris aquestes obligacions, entenent-se com a suficient amb la publicaci\u00f3 en el lloc web del prestador.<\/p>\n<p>&nbsp;<\/p>\n<p>&nbsp;<\/p>\n<p><strong>Responsabilitat<\/strong><\/p>\n<p>El prestador s&#8217;eximeix de qualsevol tipus de responsabilitat derivada de la informaci\u00f3 publicada en el seu lloc web, sempre que aquesta informaci\u00f3 hagi estat manipulada o introdu\u00efda per un tercer ali\u00e8 a aquest.<\/p>\n<p>&nbsp;<\/p>\n<p>En aquest lloc web \u00e9s possible que hi hagi enlla\u00e7os a continguts de tercers llocs web. At\u00e8s que el prestador no pot controlar sempre els continguts introdu\u00efts pels tercers en els seus llocs web, aquest no assumeix cap mena de responsabilitat respecte a aquests continguts. En tot cas, el prestador manifesta que procedir\u00e0 a la retirada immediata de qualsevol contingut que pogu\u00e9s contravenir la legislaci\u00f3 nacional o internacional, la moral o l&#8217;ordre p\u00fablic, procedint a la retirada immediata de la redirecci\u00f3 a aquest lloc web, posant en coneixement de les autoritats competents el contingut en q\u00fcesti\u00f3.En aquest lloc web \u00e9s possible que hi hagi enlla\u00e7os a continguts de tercers llocs web. At\u00e8s que el prestador no pot controlar sempre els continguts introdu\u00efts pels tercers en els seus llocs web, aquest no assumeix cap mena de responsabilitat respecte a aquests continguts. En tot cas, el prestador manifesta que procedir\u00e0 a la retirada immediata de qualsevol contingut que pogu\u00e9s contravenir la legislaci\u00f3 nacional o internacional, la moral o l&#8217;ordre p\u00fablic, procedint a la retirada immediata de la redirecci\u00f3 a aquest lloc web, posant en coneixement de les autoritats competents el contingut en q\u00fcesti\u00f3.  <\/p>\n<p>&nbsp;<\/p>\n<p>El prestador no es fa responsable de la informaci\u00f3 i continguts emmagatzemats, a t\u00edtol enunciatiu per\u00f2 no limitatiu, en f\u00f2rums, xats, generadors de blogs, comentaris, xarxes socials o qualsevol altre mitj\u00e0 que permeti a tercers publicar continguts de manera independent en la p\u00e0gina web del prestador.<\/p>\n<p>&nbsp;<\/p>\n<p>En aquest lloc web hem adoptat les mesures de seguretat pertinents per a garantir la confidencialitat, integritat i disponibilitat de la informaci\u00f3. Utilitzem el protocol HTTPS (SSL) per a establir un canal segur de comunicaci\u00f3 entre el servidor i l&#8217;usuari per a l&#8217;enviament de les seves dades personals. Prestar aquest servei a trav\u00e9s d&#8217;un servidor segur suposa garantir la confidencialitat de la informaci\u00f3 que s&#8217;intercanvia entre l&#8217;ordinador de l&#8217;usuari i aquest servidor, ja que entre tots dos s&#8217;estableix una connexi\u00f3 xifrada, que impossibilita l&#8217;acc\u00e9s de tercers a la informaci\u00f3 enviada. Aquest lloc web ha estat revisat i provat perqu\u00e8 funcioni correctament. En principi, pot garantir-se el correcte funcionament els 365 dies de l&#8217;any, 24 hores al dia. No obstant aix\u00f2, el prestador no descarta la possibilitat que existeixin uns certs errors de programaci\u00f3, o que esdevinguin causes de for\u00e7a major, cat\u00e0strofes naturals, vagues, o circumst\u00e0ncies semblants que facin impossible l&#8217;acc\u00e9s a la p\u00e0gina web.     <\/p>\n<p>&nbsp;<\/p>\n<p><strong> <\/strong><\/p>\n<p><strong>Propietat Intel\u00b7lectual i industrial<\/strong><\/p>\n<p>Aquest lloc web, incloent-hi t\u00edtol enunciatiu per\u00f2 no limitatiu, la seva programaci\u00f3, edici\u00f3, compilaci\u00f3 i altres elements necessaris per al seu funcionament, els dissenys, logotips, text i gr\u00e0fics s\u00f3n propietat del prestador o si \u00e9s el cas disposa de llic\u00e8ncia o autoritzaci\u00f3 expressa per part dels autors. Tots els continguts del lloc web es troben degudament protegits per la normativa de propietat intel\u00b7lectual i industrial, i si \u00e9s el cas inscrits en els registres p\u00fablics corresponents. <\/p>\n<p>&nbsp;<\/p>\n<p>Independentment de la finalitat per a la qual fossin destinats, la reproducci\u00f3 total o parcial, \u00fas, explotaci\u00f3, distribuci\u00f3 i comercialitzaci\u00f3 dels continguts d&#8217;aquest lloc web, requereix en tot cas de l&#8217;autoritzaci\u00f3 escrita pr\u00e8via per part del prestador. Qualsevol \u00fas no autoritzat pr\u00e8viament per part del prestador ser\u00e0 considerat un incompliment greu dels drets de propietat intel\u00b7lectual o industrial de l&#8217;autor. <\/p>\n<p>&nbsp;<\/p>\n<p>Els dissenys, logotips, text i\/o gr\u00e0fics aliens al prestador i que poguessin apar\u00e8ixer en el lloc web, pertanyen als seus respectius propietaris, sent ells mateixos responsables de qualsevol possible controv\u00e8rsia que pogu\u00e9s suscitar-se respecte a aquests.<\/p>\n<p>&nbsp;<\/p>\n<p>El prestador reconeix a favor dels seus titulars els corresponents drets de propietat industrial i intel\u00b7lectual, no implicant el seu sol esment o aparici\u00f3 en el lloc web l&#8217;exist\u00e8ncia de drets o cap responsabilitat del prestador sobre aquests, com tampoc suport, patrocini o recomanaci\u00f3 per part d&#8217;aquest. Per a realitzar qualsevol tipus d&#8217;observaci\u00f3 respecte a possibles incompliments dels drets de propietat intel\u00b7lectual o industrial, aix\u00ed com sobre qualsevol dels continguts del lloc web, pot fer-lo a trav\u00e9s del correu electr\u00f2nic o tel\u00e8fon indicats en l&#8217;apartador d&#8217;identificaci\u00f3 del prestador d&#8217;aquest av\u00eds legal. <\/p>\n<p>&nbsp;<\/p>\n<p>&nbsp;<\/p>\n<p><strong>Veracitat de la informaci\u00f3 i menors d&#8217;edat<\/strong><\/p>\n<p>Tota la informaci\u00f3 que facilita l&#8217;Usuari ha de ser vera\u00e7. A aquest efecte, l&#8217;Usuari garanteix l&#8217;autenticitat de les dades comunicades a trav\u00e9s dels formularis per a la subscripci\u00f3 dels Serveis. Ser\u00e0 responsabilitat de l&#8217;Usuari mantenir tota la informaci\u00f3 facilitada al prestador, permanentment actualitzada de manera que respongui, a cada moment, a la seva situaci\u00f3 real. En tot cas, l&#8217;Usuari ser\u00e0 l&#8217;\u00fanic responsable de les manifestacions falses o inexactes que realitzi i dels perjudicis que causi al prestador o a tercers. En quan a l&#8217;\u00fas dels serveis d&#8217;aquest lloc web, els menors d&#8217;edat han d&#8217;obtenir sempre pr\u00e8viament el consentiment dels pares, tutors o representants legals, responsables \u00faltims de tots els actes realitzats pels menors al seu c\u00e0rrec. La responsabilitat en la determinaci\u00f3 de continguts concrets als quals accedeixen els menors correspon a aquells, \u00e9s per aix\u00f2 que si accedeixen a continguts no apropiats per Internet, s&#8217;hauran d&#8217;establir en els seus ordenadors mecanismes, en particular programes inform\u00e0tics, filtres i bloquejos, que permetin limitar els continguts disponibles i, a pesar que no siguin infal\u00b7libles, s\u00f3n d&#8217;especial utilitat per a controlar i restringir els materials als quals poden accedir els menors.     <\/p>\n<p>&nbsp;<\/p>\n<p><strong>Condicions d&#8217;acc\u00e9s i \u00fas <\/strong><\/p>\n<p>L&#8217;acc\u00e9s a aquest lloc web \u00e9s lliure i gratu\u00eft per a l&#8217;Usuari, qui es compromet a utilitzar aquest lloc web de conformitat a la llei i al present av\u00eds legal, aix\u00ed com a la moral i als bons costums. A aquest efecte, l&#8217;Usuari s&#8217;abstindr\u00e0 d&#8217;utilitzar la p\u00e0gina amb finalitats il\u00b7l\u00edcites o prohibides, lesives de drets i interessos de tercers, o que de qualsevol forma puguin danyar, inutilitzar, sobrecarregar, deteriorar o impedir la normal utilitzaci\u00f3 d&#8217;equips inform\u00e0tics o documents, arxius i tota classe de continguts emmagatzemats en qualsevol equip inform\u00e0tic del prestador. En particular, i a t\u00edtol indicatiu per\u00f2 no exhaustiu, l&#8217;Usuari es compromet a no transmetre, difondre o posar a la disposici\u00f3 de tercers, informacions, dades, continguts, missatges, gr\u00e0fics, dibuixos, arxius de so o imatge, fotografies, gravacions, programari i, en general, qualsevol classe de material que:  <\/p>\n<p>&nbsp;<\/p>\n<p>(a) sigui contr\u00e0ria, menyspre\u00ef o atempti contra els drets fonamentals i les llibertats p\u00fabliques reconegudes constitucionalment, en tractats internacionals i altres normes vigents;<\/p>\n<p>(b) indueixi, inciti o promogui actuacions delictives, denigrants, difamat\u00f2ries, violentes o, en general, contr\u00e0ries a la llei, a la moral i a l&#8217;ordre p\u00fablic;<\/p>\n<p>(c) indueixi, inciti o promogui actuacions, actituds o pensaments discriminatoris per ra\u00f3 de sexe, ra\u00e7a, religi\u00f3, creences, edat o condici\u00f3;<\/p>\n<p>(d) sigui contrari al dret a l&#8217;honor, a la intimitat personal o familiar o a la pr\u00f2pia imatge de les persones;<\/p>\n<p>(e) de qualsevol manera perjudiqui la credibilitat del prestador o de tercers; i<\/p>\n<p>(f) constitueixi publicitat il\u00b7l\u00edcita, enganyosa o deslleial.<\/p>\n<p>&nbsp;<\/p>\n<p>&nbsp;<\/p>\n<p><strong>Llei Aplicable i Jurisdicci\u00f3<\/strong><\/p>\n<p>Per a la resoluci\u00f3 de totes les controv\u00e8rsies o q\u00fcestions relacionades amb el present lloc web o de les activitats en ell desenvolupades, ser\u00e0 aplicable la legislaci\u00f3 espanyola, a la qual se sotmeten expressament les parts, sent competents per a la resoluci\u00f3 de tots els conflictes derivats o relacionats amb el seu \u00fas, els Jutjats i Tribunals del domicili del responsable d&#8217;aquest lloc web.<\/p>\n<p>[\/et_pb_text][\/et_pb_column][\/et_pb_row][\/et_pb_section][et_pb_section fb_built=&#8221;1&#8243; _builder_version=&#8221;4.25.0&#8243; _module_preset=&#8221;default&#8221; custom_padding=&#8221;0px||0px||true|false&#8221; locked=&#8221;off&#8221; global_colors_info=&#8221;{}&#8221;][et_pb_row _builder_version=&#8221;4.25.0&#8243; _module_preset=&#8221;default&#8221; width=&#8221;100%&#8221; max_width=&#8221;100%&#8221; custom_margin=&#8221;0px||0px||true|false&#8221; custom_padding=&#8221;0px||0px||true|false&#8221; global_colors_info=&#8221;{}&#8221;][et_pb_column type=&#8221;4_4&#8243; _builder_version=&#8221;4.25.0&#8243; _module_preset=&#8221;default&#8221; global_colors_info=&#8221;{}&#8221;][et_pb_image src=&#8221;https:\/\/ecoblancneteges.com\/wp-content\/uploads\/linea-dorada.jpg&#8221; title_text=&#8221;l\u00ednia-daurada&#8221; force_fullwidth=&#8221;on&#8221; _builder_version=&#8221;4.25.0&#8243; _module_preset=&#8221;default&#8221; global_colors_info=&#8221;{}&#8221;][\/et_pb_image][\/et_pb_column][\/et_pb_row][\/et_pb_section]<\/p>\n","protected":false},"excerpt":{"rendered":"<p>Av\u00eds legalIdentificaci\u00f3 del prestador de serveis de la societat de la informaci\u00f3 &nbsp; Amb la finalitat de donar compliment a l&#8217;article 10 de la Llei 34\/2002 de Serveis de la Societat de la Informaci\u00f3 i Comer\u00e7 Electr\u00f2nic, informem l&#8217;Usuari de les nostres dades: &nbsp; Lloc\/s web: www.ecoblancneteges.com. Entitat: ECOBLANC SERVEIS DE NETEJA SL Domicili: C\/ RUBEN DARIO N\u00ba 36 BIS LOCAL 3 &#8211; 08030 &#8211; BARCELONA NIF: B67935205 Tel\u00e8fon: 931271974 e-Mail: limpiezas@ecoblanc.net Tomo 48134, Foli 173, Secci\u00f3 8, Fulla B 573388, Inscripci\u00f3 1. &nbsp; &nbsp; Object El prestador, responsable del lloc web, posa a la disposici\u00f3 dels Usuaris el present document amb el qual pret\u00e9n donar compliment a les obligacions disposades en la Llei 34\/2002, de Serveis de la Societat de la Informaci\u00f3 i del Comer\u00e7 Electr\u00f2nic (LSSI-CE), aix\u00ed com informar a tots els usuaris del lloc web respecte a quins s\u00f3n les condicions d&#8217;\u00fas del lloc web. &nbsp; Tota persona que accedeixi a aquest lloc web assumeix el paper d&#8217;usuari, comprometent-se a l&#8217;observan\u00e7a i compliment rigor\u00f3s de les disposicions aqu\u00ed disposades, aix\u00ed com a qualsevol altra disposici\u00f3 legal que fos aplicable. &nbsp; El prestador es reserva el dret a modificar qualsevol tipus d&#8217;informaci\u00f3 que pogu\u00e9s apar\u00e8ixer en el lloc [&hellip;]<\/p>\n","protected":false},"author":1,"featured_media":0,"parent":0,"menu_order":10,"comment_status":"closed","ping_status":"closed","template":"","meta":{"_et_pb_use_builder":"on","_et_pb_old_content":"","_et_gb_content_width":"","footnotes":""},"class_list":["post-1052","page","type-page","status-publish","hentry"],"yoast_head":"<!-- This site is optimized with the Yoast SEO plugin v24.0 - https:\/\/yoast.com\/wordpress\/plugins\/seo\/ -->\n<title>Av\u00eds legal - EcoBlanc<\/title>\n<meta name=\"robots\" content=\"index, follow, max-snippet:-1, max-image-preview:large, max-video-preview:-1\" \/>\n<link rel=\"canonical\" href=\"https:\/\/ecoblancneteges.com\/ca\/avis-legal\/\" \/>\n<meta property=\"og:locale\" content=\"ca_ES\" \/>\n<meta property=\"og:type\" content=\"article\" \/>\n<meta property=\"og:title\" content=\"Av\u00eds legal - EcoBlanc\" \/>\n<meta property=\"og:description\" content=\"Av\u00eds legalIdentificaci\u00f3 del prestador de serveis de la societat de la informaci\u00f3 &nbsp; Amb la finalitat de donar compliment a l&#039;article 10 de la Llei 34\/2002 de Serveis de la Societat de la Informaci\u00f3 i Comer\u00e7 Electr\u00f2nic, informem l&#039;Usuari de les nostres dades: &nbsp; Lloc\/s web: www.ecoblancneteges.com. Entitat: ECOBLANC SERVEIS DE NETEJA SL Domicili: C\/ RUBEN DARIO N\u00ba 36 BIS LOCAL 3 - 08030 - BARCELONA NIF: B67935205 Tel\u00e8fon: 931271974 e-Mail: limpiezas@ecoblanc.net Tomo 48134, Foli 173, Secci\u00f3 8, Fulla B 573388, Inscripci\u00f3 1. &nbsp; &nbsp; Object El prestador, responsable del lloc web, posa a la disposici\u00f3 dels Usuaris el present document amb el qual pret\u00e9n donar compliment a les obligacions disposades en la Llei 34\/2002, de Serveis de la Societat de la Informaci\u00f3 i del Comer\u00e7 Electr\u00f2nic (LSSI-CE), aix\u00ed com informar a tots els usuaris del lloc web respecte a quins s\u00f3n les condicions d&#039;\u00fas del lloc web. &nbsp; Tota persona que accedeixi a aquest lloc web assumeix el paper d&#039;usuari, comprometent-se a l&#039;observan\u00e7a i compliment rigor\u00f3s de les disposicions aqu\u00ed disposades, aix\u00ed com a qualsevol altra disposici\u00f3 legal que fos aplicable. &nbsp; El prestador es reserva el dret a modificar qualsevol tipus d&#039;informaci\u00f3 que pogu\u00e9s apar\u00e8ixer en el lloc [&hellip;]\" \/>\n<meta property=\"og:url\" content=\"https:\/\/ecoblancneteges.com\/ca\/avis-legal\/\" \/>\n<meta property=\"og:site_name\" content=\"EcoBlanc\" \/>\n<meta property=\"article:modified_time\" content=\"2024-10-17T09:27:04+00:00\" \/>\n<meta name=\"twitter:card\" content=\"summary_large_image\" \/>\n<meta name=\"twitter:label1\" content=\"Temps estimat de lectura\" \/>\n\t<meta name=\"twitter:data1\" content=\"10 minuts\" \/>\n<script type=\"application\/ld+json\" class=\"yoast-schema-graph\">{\"@context\":\"https:\/\/schema.org\",\"@graph\":[{\"@type\":\"WebPage\",\"@id\":\"https:\/\/ecoblancneteges.com\/ca\/avis-legal\/\",\"url\":\"https:\/\/ecoblancneteges.com\/ca\/avis-legal\/\",\"name\":\"Av\u00eds legal - EcoBlanc\",\"isPartOf\":{\"@id\":\"https:\/\/ecoblancneteges.com\/ca\/#website\"},\"datePublished\":\"2024-05-02T08:31:25+00:00\",\"dateModified\":\"2024-10-17T09:27:04+00:00\",\"breadcrumb\":{\"@id\":\"https:\/\/ecoblancneteges.com\/ca\/avis-legal\/#breadcrumb\"},\"inLanguage\":\"ca\",\"potentialAction\":[{\"@type\":\"ReadAction\",\"target\":[\"https:\/\/ecoblancneteges.com\/ca\/avis-legal\/\"]}]},{\"@type\":\"BreadcrumbList\",\"@id\":\"https:\/\/ecoblancneteges.com\/ca\/avis-legal\/#breadcrumb\",\"itemListElement\":[{\"@type\":\"ListItem\",\"position\":1,\"name\":\"Portada\",\"item\":\"https:\/\/ecoblancneteges.com\/ca\/home\/\"},{\"@type\":\"ListItem\",\"position\":2,\"name\":\"Av\u00eds legal\"}]},{\"@type\":\"WebSite\",\"@id\":\"https:\/\/ecoblancneteges.com\/ca\/#website\",\"url\":\"https:\/\/ecoblancneteges.com\/ca\/\",\"name\":\"EcoBlanc\",\"description\":\"Servicios de limpieza ecol\u00f3gica\",\"potentialAction\":[{\"@type\":\"SearchAction\",\"target\":{\"@type\":\"EntryPoint\",\"urlTemplate\":\"https:\/\/ecoblancneteges.com\/ca\/?s={search_term_string}\"},\"query-input\":{\"@type\":\"PropertyValueSpecification\",\"valueRequired\":true,\"valueName\":\"search_term_string\"}}],\"inLanguage\":\"ca\"}]}<\/script>\n<!-- \/ Yoast SEO plugin. -->","yoast_head_json":{"title":"Av\u00eds legal - EcoBlanc","robots":{"index":"index","follow":"follow","max-snippet":"max-snippet:-1","max-image-preview":"max-image-preview:large","max-video-preview":"max-video-preview:-1"},"canonical":"https:\/\/ecoblancneteges.com\/ca\/avis-legal\/","og_locale":"ca_ES","og_type":"article","og_title":"Av\u00eds legal - EcoBlanc","og_description":"Av\u00eds legalIdentificaci\u00f3 del prestador de serveis de la societat de la informaci\u00f3 &nbsp; Amb la finalitat de donar compliment a l'article 10 de la Llei 34\/2002 de Serveis de la Societat de la Informaci\u00f3 i Comer\u00e7 Electr\u00f2nic, informem l'Usuari de les nostres dades: &nbsp; Lloc\/s web: www.ecoblancneteges.com. Entitat: ECOBLANC SERVEIS DE NETEJA SL Domicili: C\/ RUBEN DARIO N\u00ba 36 BIS LOCAL 3 - 08030 - BARCELONA NIF: B67935205 Tel\u00e8fon: 931271974 e-Mail: limpiezas@ecoblanc.net Tomo 48134, Foli 173, Secci\u00f3 8, Fulla B 573388, Inscripci\u00f3 1. &nbsp; &nbsp; Object El prestador, responsable del lloc web, posa a la disposici\u00f3 dels Usuaris el present document amb el qual pret\u00e9n donar compliment a les obligacions disposades en la Llei 34\/2002, de Serveis de la Societat de la Informaci\u00f3 i del Comer\u00e7 Electr\u00f2nic (LSSI-CE), aix\u00ed com informar a tots els usuaris del lloc web respecte a quins s\u00f3n les condicions d'\u00fas del lloc web. &nbsp; Tota persona que accedeixi a aquest lloc web assumeix el paper d'usuari, comprometent-se a l'observan\u00e7a i compliment rigor\u00f3s de les disposicions aqu\u00ed disposades, aix\u00ed com a qualsevol altra disposici\u00f3 legal que fos aplicable. &nbsp; El prestador es reserva el dret a modificar qualsevol tipus d'informaci\u00f3 que pogu\u00e9s apar\u00e8ixer en el lloc [&hellip;]","og_url":"https:\/\/ecoblancneteges.com\/ca\/avis-legal\/","og_site_name":"EcoBlanc","article_modified_time":"2024-10-17T09:27:04+00:00","twitter_card":"summary_large_image","twitter_misc":{"Temps estimat de lectura":"10 minuts"},"schema":{"@context":"https:\/\/schema.org","@graph":[{"@type":"WebPage","@id":"https:\/\/ecoblancneteges.com\/ca\/avis-legal\/","url":"https:\/\/ecoblancneteges.com\/ca\/avis-legal\/","name":"Av\u00eds legal - EcoBlanc","isPartOf":{"@id":"https:\/\/ecoblancneteges.com\/ca\/#website"},"datePublished":"2024-05-02T08:31:25+00:00","dateModified":"2024-10-17T09:27:04+00:00","breadcrumb":{"@id":"https:\/\/ecoblancneteges.com\/ca\/avis-legal\/#breadcrumb"},"inLanguage":"ca","potentialAction":[{"@type":"ReadAction","target":["https:\/\/ecoblancneteges.com\/ca\/avis-legal\/"]}]},{"@type":"BreadcrumbList","@id":"https:\/\/ecoblancneteges.com\/ca\/avis-legal\/#breadcrumb","itemListElement":[{"@type":"ListItem","position":1,"name":"Portada","item":"https:\/\/ecoblancneteges.com\/ca\/home\/"},{"@type":"ListItem","position":2,"name":"Av\u00eds legal"}]},{"@type":"WebSite","@id":"https:\/\/ecoblancneteges.com\/ca\/#website","url":"https:\/\/ecoblancneteges.com\/ca\/","name":"EcoBlanc","description":"Servicios de limpieza ecol\u00f3gica","potentialAction":[{"@type":"SearchAction","target":{"@type":"EntryPoint","urlTemplate":"https:\/\/ecoblancneteges.com\/ca\/?s={search_term_string}"},"query-input":{"@type":"PropertyValueSpecification","valueRequired":true,"valueName":"search_term_string"}}],"inLanguage":"ca"}]}},"_links":{"self":[{"href":"https:\/\/ecoblancneteges.com\/ca\/wp-json\/wp\/v2\/pages\/1052","targetHints":{"allow":["GET"]}}],"collection":[{"href":"https:\/\/ecoblancneteges.com\/ca\/wp-json\/wp\/v2\/pages"}],"about":[{"href":"https:\/\/ecoblancneteges.com\/ca\/wp-json\/wp\/v2\/types\/page"}],"author":[{"embeddable":true,"href":"https:\/\/ecoblancneteges.com\/ca\/wp-json\/wp\/v2\/users\/1"}],"replies":[{"embeddable":true,"href":"https:\/\/ecoblancneteges.com\/ca\/wp-json\/wp\/v2\/comments?post=1052"}],"version-history":[{"count":2,"href":"https:\/\/ecoblancneteges.com\/ca\/wp-json\/wp\/v2\/pages\/1052\/revisions"}],"predecessor-version":[{"id":1054,"href":"https:\/\/ecoblancneteges.com\/ca\/wp-json\/wp\/v2\/pages\/1052\/revisions\/1054"}],"wp:attachment":[{"href":"https:\/\/ecoblancneteges.com\/ca\/wp-json\/wp\/v2\/media?parent=1052"}],"curies":[{"name":"wp","href":"https:\/\/api.w.org\/{rel}","templated":true}]}}